{"id":2269,"date":"2024-05-08T16:46:12","date_gmt":"2024-05-08T16:46:12","guid":{"rendered":"https:\/\/premiumteagold.com\/?post_type=product&#038;p=2269"},"modified":"2025-11-30T00:12:20","modified_gmt":"2025-11-30T00:12:20","slug":"forx5-detox-mit-lepidium","status":"publish","type":"product","link":"https:\/\/premiumteagold.com\/tr\/product\/forx5-detox-mit-lepidium\/","title":{"rendered":"FORX5-Detox-Aktion-29.95,euro-Sale-Aktion"},"content":{"rendered":"<p data-start=\"94\" data-end=\"305\">Forx5 \u00c7ay, metabolizmay\u0131 h\u0131zland\u0131ran, do\u011fal bitkilerle form\u00fclize edilmi\u015f g\u00fc\u00e7l\u00fc bir detoks \u00e7ay\u0131d\u0131r. V\u00fccuttaki \u00f6demi atar, ya\u011f yak\u0131m\u0131n\u0131 destekler ve enerjinizi yeniler.<\/p>","protected":false},"excerpt":{"rendered":"<p>Forx5 \u00c7ay, metabolizmay\u0131 h\u0131zland\u0131ran, do\u011fal bitkilerle form\u00fclize edilmi\u015f g\u00fc\u00e7l\u00fc bir detoks \u00e7ay\u0131d\u0131r. V\u00fccuttaki \u00f6demi atar, ya\u011f yak\u0131m\u0131n\u0131 destekler ve enerjinizi yeniler.<\/p>","protected":false},"featured_media":2035,"comment_status":"closed","ping_status":"closed","template":"","meta":[],"product_brand":[],"product_cat":[206],"product_tag":[],"class_list":{"0":"post-2269","1":"product","2":"type-product","3":"status-publish","4":"has-post-thumbnail","6":"product_cat-forx5","8":"first","9":"instock","10":"sale","11":"shipping-taxable","12":"purchasable","13":"product-type-simple"},"aioseo_notices":[],"jetpack_sharing_enabled":true,"_links":{"self":[{"href":"https:\/\/premiumteagold.com\/tr\/wp-json\/wp\/v2\/product\/2269","targetHints":{"allow":["GET"]}}],"collection":[{"href":"https:\/\/premiumteagold.com\/tr\/wp-json\/wp\/v2\/product"}],"about":[{"href":"https:\/\/premiumteagold.com\/tr\/wp-json\/wp\/v2\/types\/product"}],"replies":[{"embeddable":true,"href":"https:\/\/premiumteagold.com\/tr\/wp-json\/wp\/v2\/comments?post=2269"}],"wp:featuredmedia":[{"embeddable":true,"href":"https:\/\/premiumteagold.com\/tr\/wp-json\/wp\/v2\/media\/2035"}],"wp:attachment":[{"href":"https:\/\/premiumteagold.com\/tr\/wp-json\/wp\/v2\/media?parent=2269"}],"wp:term":[{"taxonomy":"product_brand","embeddable":true,"href":"https:\/\/premiumteagold.com\/tr\/wp-json\/wp\/v2\/product_brand?post=2269"},{"taxonomy":"product_cat","embeddable":true,"href":"https:\/\/premiumteagold.com\/tr\/wp-json\/wp\/v2\/product_cat?post=2269"},{"taxonomy":"product_tag","embeddable":true,"href":"https:\/\/premiumteagold.com\/tr\/wp-json\/wp\/v2\/product_tag?post=2269"}],"curies":[{"name":"wp","href":"https:\/\/api.w.org\/{rel}","templated":true}]}}