{"id":2281,"date":"2024-05-08T16:46:24","date_gmt":"2024-05-08T16:46:24","guid":{"rendered":"https:\/\/premiumteagold.com\/?post_type=product&#038;p=2281"},"modified":"2024-06-04T19:40:43","modified_gmt":"2024-06-04T19:40:43","slug":"aymira-detox-tee","status":"publish","type":"product","link":"https:\/\/premiumteagold.com\/tr\/product\/aymira-detox-tee\/","title":{"rendered":"Aymira-Detox-Tee-Sale-Aktion 29,95 Euro"},"content":{"rendered":"<p>Aymiradetox 29,95 euro<\/p>","protected":false},"excerpt":{"rendered":"<p>Aymira Detox Tea DetoxBu 24,99 euro<\/p>\n<p>Bir bardak s\u0131cak su i\u00e7erisine bir po\u015fet\u00a0<strong>Aymira Detox Tea<\/strong>\u00a0ilave edilir. Eriyene kadar kar\u0131\u015ft\u0131r\u0131l\u0131r. Toz tamamen eridikten sonra i\u00e7ilmelidir. G\u00fcnde iki kez sabah kahvalt\u0131dan, ak\u015fam ise yemekten bir saat \u00f6nce t\u00fcketilir.<\/p>","protected":false},"featured_media":2057,"comment_status":"closed","ping_status":"closed","template":"","meta":[],"product_brand":[],"product_cat":[209],"product_tag":[],"class_list":{"0":"post-2281","1":"product","2":"type-product","3":"status-publish","4":"has-post-thumbnail","6":"product_cat-aymira","8":"first","9":"instock","10":"shipping-taxable","11":"purchasable","12":"product-type-simple"},"aioseo_notices":[],"jetpack_sharing_enabled":true,"_links":{"self":[{"href":"https:\/\/premiumteagold.com\/tr\/wp-json\/wp\/v2\/product\/2281","targetHints":{"allow":["GET"]}}],"collection":[{"href":"https:\/\/premiumteagold.com\/tr\/wp-json\/wp\/v2\/product"}],"about":[{"href":"https:\/\/premiumteagold.com\/tr\/wp-json\/wp\/v2\/types\/product"}],"replies":[{"embeddable":true,"href":"https:\/\/premiumteagold.com\/tr\/wp-json\/wp\/v2\/comments?post=2281"}],"wp:featuredmedia":[{"embeddable":true,"href":"https:\/\/premiumteagold.com\/tr\/wp-json\/wp\/v2\/media\/2057"}],"wp:attachment":[{"href":"https:\/\/premiumteagold.com\/tr\/wp-json\/wp\/v2\/media?parent=2281"}],"wp:term":[{"taxonomy":"product_brand","embeddable":true,"href":"https:\/\/premiumteagold.com\/tr\/wp-json\/wp\/v2\/product_brand?post=2281"},{"taxonomy":"product_cat","embeddable":true,"href":"https:\/\/premiumteagold.com\/tr\/wp-json\/wp\/v2\/product_cat?post=2281"},{"taxonomy":"product_tag","embeddable":true,"href":"https:\/\/premiumteagold.com\/tr\/wp-json\/wp\/v2\/product_tag?post=2281"}],"curies":[{"name":"wp","href":"https:\/\/api.w.org\/{rel}","templated":true}]}}