{"id":2298,"date":"2024-05-08T16:46:26","date_gmt":"2024-05-08T16:46:26","guid":{"rendered":"https:\/\/premiumteagold.com\/?post_type=product&#038;p=2298"},"modified":"2024-05-10T19:50:32","modified_gmt":"2024-05-10T19:50:32","slug":"tuana-detox-tee","status":"publish","type":"product","link":"https:\/\/premiumteagold.com\/tr\/product\/tuana-detox-tee\/","title":{"rendered":"Tuana-Tuvana-Detox Tee-Aktion 24,95 euro"},"content":{"rendered":"<p>Tuana Detox Tea -Tuvana Bitkisel Detox Tee Zay\u0131flama Yard\u0131mc\u0131 Bitkisel Kar\u0131\u015f\u0131ml\u0131 Detox Form \u00c7ay\u0131<\/p>","protected":false},"excerpt":{"rendered":"<h1 class=\"pr-new-br\" data-drroot=\"h1\"><span class=\"product-brand-name-without-link\">Tuana Detox -Tuvana Bitkisel<\/span> Detox Tee Zay\u0131flama Yard\u0131mc\u0131 Bitkisel Kar\u0131\u015f\u0131ml\u0131 Detox Form \u00c7ay\u0131<\/h1>","protected":false},"featured_media":2070,"comment_status":"closed","ping_status":"closed","template":"","meta":[],"product_brand":[],"product_cat":[204],"product_tag":[],"class_list":{"0":"post-2298","1":"product","2":"type-product","3":"status-publish","4":"has-post-thumbnail","6":"product_cat-tuana","8":"first","9":"instock","10":"shipping-taxable","11":"purchasable","12":"product-type-simple"},"aioseo_notices":[],"jetpack_sharing_enabled":true,"_links":{"self":[{"href":"https:\/\/premiumteagold.com\/tr\/wp-json\/wp\/v2\/product\/2298","targetHints":{"allow":["GET"]}}],"collection":[{"href":"https:\/\/premiumteagold.com\/tr\/wp-json\/wp\/v2\/product"}],"about":[{"href":"https:\/\/premiumteagold.com\/tr\/wp-json\/wp\/v2\/types\/product"}],"replies":[{"embeddable":true,"href":"https:\/\/premiumteagold.com\/tr\/wp-json\/wp\/v2\/comments?post=2298"}],"wp:featuredmedia":[{"embeddable":true,"href":"https:\/\/premiumteagold.com\/tr\/wp-json\/wp\/v2\/media\/2070"}],"wp:attachment":[{"href":"https:\/\/premiumteagold.com\/tr\/wp-json\/wp\/v2\/media?parent=2298"}],"wp:term":[{"taxonomy":"product_brand","embeddable":true,"href":"https:\/\/premiumteagold.com\/tr\/wp-json\/wp\/v2\/product_brand?post=2298"},{"taxonomy":"product_cat","embeddable":true,"href":"https:\/\/premiumteagold.com\/tr\/wp-json\/wp\/v2\/product_cat?post=2298"},{"taxonomy":"product_tag","embeddable":true,"href":"https:\/\/premiumteagold.com\/tr\/wp-json\/wp\/v2\/product_tag?post=2298"}],"curies":[{"name":"wp","href":"https:\/\/api.w.org\/{rel}","templated":true}]}}