{"id":2299,"date":"2024-05-08T16:46:26","date_gmt":"2024-05-08T16:46:26","guid":{"rendered":"https:\/\/premiumteagold.com\/?post_type=product&#038;p=2299"},"modified":"2024-05-23T15:39:22","modified_gmt":"2024-05-23T15:39:22","slug":"narcissa-aserola-kraeutertees-detox","status":"publish","type":"product","link":"https:\/\/premiumteagold.com\/tr\/product\/narcissa-aserola-kraeutertees-detox\/","title":{"rendered":"Narcissa-Aserola-Detox-Aktion 29,95 euro"},"content":{"rendered":"<p>Narcissa Aserola Detox 29.95 euro detox<\/p>\n<p>Gemischter Kr\u00e4utertee beh\u00e4lt seine gewohnte Frische, da er in einer stabilen Dose verpackt ist. Form-Tee, der reich an Vitaminen ist, Detox Tea erh\u00f6ht zudem die Widerstandskraft des K\u00f6rpers und f\u00f6rdert die Verdauung<\/p>","protected":false},"excerpt":{"rendered":"<p>Narcissa Aserola Aserola Kr\u00e4utertees Detox_Tee 29.95 euro<\/p>","protected":false},"featured_media":2073,"comment_status":"closed","ping_status":"closed","template":"","meta":[],"product_brand":[],"product_cat":[203],"product_tag":[],"class_list":{"0":"post-2299","1":"product","2":"type-product","3":"status-publish","4":"has-post-thumbnail","6":"product_cat-narcissaa","8":"first","9":"instock","10":"shipping-taxable","11":"purchasable","12":"product-type-simple"},"aioseo_notices":[],"jetpack_sharing_enabled":true,"_links":{"self":[{"href":"https:\/\/premiumteagold.com\/tr\/wp-json\/wp\/v2\/product\/2299","targetHints":{"allow":["GET"]}}],"collection":[{"href":"https:\/\/premiumteagold.com\/tr\/wp-json\/wp\/v2\/product"}],"about":[{"href":"https:\/\/premiumteagold.com\/tr\/wp-json\/wp\/v2\/types\/product"}],"replies":[{"embeddable":true,"href":"https:\/\/premiumteagold.com\/tr\/wp-json\/wp\/v2\/comments?post=2299"}],"wp:featuredmedia":[{"embeddable":true,"href":"https:\/\/premiumteagold.com\/tr\/wp-json\/wp\/v2\/media\/2073"}],"wp:attachment":[{"href":"https:\/\/premiumteagold.com\/tr\/wp-json\/wp\/v2\/media?parent=2299"}],"wp:term":[{"taxonomy":"product_brand","embeddable":true,"href":"https:\/\/premiumteagold.com\/tr\/wp-json\/wp\/v2\/product_brand?post=2299"},{"taxonomy":"product_cat","embeddable":true,"href":"https:\/\/premiumteagold.com\/tr\/wp-json\/wp\/v2\/product_cat?post=2299"},{"taxonomy":"product_tag","embeddable":true,"href":"https:\/\/premiumteagold.com\/tr\/wp-json\/wp\/v2\/product_tag?post=2299"}],"curies":[{"name":"wp","href":"https:\/\/api.w.org\/{rel}","templated":true}]}}