{"id":2310,"date":"2024-05-08T16:46:59","date_gmt":"2024-05-08T16:46:59","guid":{"rendered":"https:\/\/premiumteagold.com\/?post_type=product&#038;p=2310"},"modified":"2025-12-01T00:43:00","modified_gmt":"2025-12-01T00:43:00","slug":"wendy-detox-tee","status":"publish","type":"product","link":"https:\/\/premiumteagold.com\/tr\/product\/wendy-detox-tee\/","title":{"rendered":"Wendy Detox Tee-Sale- 29,95 euro-Aktion"},"content":{"rendered":"<p>Wendy Detox Tea Aktion 29,95 euro<\/p>\n<p>Wendy Detox \u00c7ay \u2013 V\u00fccudunuzu ar\u0131nd\u0131r\u0131n, enerjinizi yenileyin! Do\u011fal bitki kar\u0131\u015f\u0131m\u0131yla \u015fi\u015fkinli\u011fi azalt\u0131r, toksinleri atar ve zay\u0131flamay\u0131 destekler. G\u00fcnl\u00fck detoks rutininiz i\u00e7in ideal.<\/p>","protected":false},"excerpt":{"rendered":"<p>Detox Tee Wendy Tea Aktion 34,95 euro-Wendy Detox \u00c7ay \u2013 V\u00fccudunuzu ar\u0131nd\u0131r\u0131n, enerjinizi yenileyin! Do\u011fal bitki kar\u0131\u015f\u0131m\u0131yla \u015fi\u015fkinli\u011fi azalt\u0131r, toksinleri atar ve zay\u0131flamay\u0131 destekler. G\u00fcnl\u00fck detoks rutininiz i\u00e7in ideal.<\/p>","protected":false},"featured_media":2320,"comment_status":"closed","ping_status":"closed","template":"","meta":[],"product_brand":[],"product_cat":[199],"product_tag":[],"class_list":{"0":"post-2310","1":"product","2":"type-product","3":"status-publish","4":"has-post-thumbnail","6":"product_cat-wendy","8":"first","9":"instock","10":"shipping-taxable","11":"purchasable","12":"product-type-simple"},"aioseo_notices":[],"jetpack_sharing_enabled":true,"_links":{"self":[{"href":"https:\/\/premiumteagold.com\/tr\/wp-json\/wp\/v2\/product\/2310","targetHints":{"allow":["GET"]}}],"collection":[{"href":"https:\/\/premiumteagold.com\/tr\/wp-json\/wp\/v2\/product"}],"about":[{"href":"https:\/\/premiumteagold.com\/tr\/wp-json\/wp\/v2\/types\/product"}],"replies":[{"embeddable":true,"href":"https:\/\/premiumteagold.com\/tr\/wp-json\/wp\/v2\/comments?post=2310"}],"wp:featuredmedia":[{"embeddable":true,"href":"https:\/\/premiumteagold.com\/tr\/wp-json\/wp\/v2\/media\/2320"}],"wp:attachment":[{"href":"https:\/\/premiumteagold.com\/tr\/wp-json\/wp\/v2\/media?parent=2310"}],"wp:term":[{"taxonomy":"product_brand","embeddable":true,"href":"https:\/\/premiumteagold.com\/tr\/wp-json\/wp\/v2\/product_brand?post=2310"},{"taxonomy":"product_cat","embeddable":true,"href":"https:\/\/premiumteagold.com\/tr\/wp-json\/wp\/v2\/product_cat?post=2310"},{"taxonomy":"product_tag","embeddable":true,"href":"https:\/\/premiumteagold.com\/tr\/wp-json\/wp\/v2\/product_tag?post=2310"}],"curies":[{"name":"wp","href":"https:\/\/api.w.org\/{rel}","templated":true}]}}