{"id":2454,"date":"2024-05-24T16:11:59","date_gmt":"2024-05-24T16:11:59","guid":{"rendered":"https:\/\/premiumteagold.com\/?post_type=product&#038;p=2454"},"modified":"2026-04-10T21:39:25","modified_gmt":"2026-04-10T21:39:25","slug":"konjac-detox-tee-3499-euro","status":"publish","type":"product","link":"https:\/\/premiumteagold.com\/tr\/product\/konjac-detox-tee-3499-euro\/","title":{"rendered":"Konjac Detox Tee 29,90 euro"},"content":{"rendered":"<p>Konjak Tea 29,90 euro-Daha az ye, daha hafif hisset! <strong data-start=\"376\" data-end=\"396\">Konjac Detox \u00c7ay<\/strong> ile i\u015ftah\u0131 kontrol alt\u0131na al, \u015fi\u015fkinli\u011fi azalt, do\u011fal detox etkisini ya\u015fa.<\/p>","protected":false},"excerpt":{"rendered":"<p>Konjac-Tee-Detox-Tea-\u015ei\u015fkinlik ve \u00f6demle vedala\u015f! <strong data-start=\"668\" data-end=\"688\">Konjac Detox \u00c7ay<\/strong> ile tok kal, ar\u0131n ve g\u00fcn boyu hafiflik hissi kazan.<\/p>","protected":false},"featured_media":2729,"comment_status":"closed","ping_status":"closed","template":"","meta":[],"product_brand":[],"product_cat":[220,211,15],"product_tag":[],"class_list":{"0":"post-2454","1":"product","2":"type-product","3":"status-publish","4":"has-post-thumbnail","6":"product_cat-bestseller","7":"product_cat-konjak","8":"product_cat-uncategorized","10":"first","11":"instock","12":"shipping-taxable","13":"purchasable","14":"product-type-simple"},"aioseo_notices":[],"jetpack_sharing_enabled":true,"_links":{"self":[{"href":"https:\/\/premiumteagold.com\/tr\/wp-json\/wp\/v2\/product\/2454","targetHints":{"allow":["GET"]}}],"collection":[{"href":"https:\/\/premiumteagold.com\/tr\/wp-json\/wp\/v2\/product"}],"about":[{"href":"https:\/\/premiumteagold.com\/tr\/wp-json\/wp\/v2\/types\/product"}],"replies":[{"embeddable":true,"href":"https:\/\/premiumteagold.com\/tr\/wp-json\/wp\/v2\/comments?post=2454"}],"wp:featuredmedia":[{"embeddable":true,"href":"https:\/\/premiumteagold.com\/tr\/wp-json\/wp\/v2\/media\/2729"}],"wp:attachment":[{"href":"https:\/\/premiumteagold.com\/tr\/wp-json\/wp\/v2\/media?parent=2454"}],"wp:term":[{"taxonomy":"product_brand","embeddable":true,"href":"https:\/\/premiumteagold.com\/tr\/wp-json\/wp\/v2\/product_brand?post=2454"},{"taxonomy":"product_cat","embeddable":true,"href":"https:\/\/premiumteagold.com\/tr\/wp-json\/wp\/v2\/product_cat?post=2454"},{"taxonomy":"product_tag","embeddable":true,"href":"https:\/\/premiumteagold.com\/tr\/wp-json\/wp\/v2\/product_tag?post=2454"}],"curies":[{"name":"wp","href":"https:\/\/api.w.org\/{rel}","templated":true}]}}