{"id":2459,"date":"2024-05-25T10:03:19","date_gmt":"2024-05-25T10:03:19","guid":{"rendered":"https:\/\/premiumteagold.com\/?post_type=product&#038;p=2459"},"modified":"2026-04-10T21:39:25","modified_gmt":"2026-04-10T21:39:25","slug":"meri-detox-premium-kapseln-2990-euro","status":"publish","type":"product","link":"https:\/\/premiumteagold.com\/tr\/product\/meri-detox-premium-kapseln-2990-euro\/","title":{"rendered":"Meri Detox Premium 19,99 euro Capseln Aktion Sale"},"content":{"rendered":"<p>Meridetox Premium 19,99 euro Kapsel-\u00d6demli g\u00f6r\u00fcn\u00fcmden kurtul! <strong data-start=\"442\" data-end=\"481\">MeriDetox Premium Gold Detox Capsel<\/strong> ile h\u0131zl\u0131 ar\u0131nma, ya\u011f yak\u0131m deste\u011fi ve belirgin hafiflik hissi.<\/p>","protected":false},"excerpt":{"rendered":"<p>Meridetox Caps\u00fcl 19.99 euro Aktion-<strong data-start=\"589\" data-end=\"628\">MeriDetox Premium Gold Detox Capsel<\/strong> \u2013 g\u00fc\u00e7l\u00fc bitkisel i\u00e7erik, etkili detox, sa\u011fl\u0131kl\u0131 ve fit ya\u015fam deste\u011fi.<\/p>","protected":false},"featured_media":2727,"comment_status":"closed","ping_status":"closed","template":"","meta":[],"product_brand":[],"product_cat":[220,218,15],"product_tag":[],"class_list":{"0":"post-2459","1":"product","2":"type-product","3":"status-publish","4":"has-post-thumbnail","6":"product_cat-bestseller","7":"product_cat-meri-detox","8":"product_cat-uncategorized","10":"first","11":"instock","12":"shipping-taxable","13":"purchasable","14":"product-type-simple"},"aioseo_notices":[],"jetpack_sharing_enabled":true,"_links":{"self":[{"href":"https:\/\/premiumteagold.com\/tr\/wp-json\/wp\/v2\/product\/2459","targetHints":{"allow":["GET"]}}],"collection":[{"href":"https:\/\/premiumteagold.com\/tr\/wp-json\/wp\/v2\/product"}],"about":[{"href":"https:\/\/premiumteagold.com\/tr\/wp-json\/wp\/v2\/types\/product"}],"replies":[{"embeddable":true,"href":"https:\/\/premiumteagold.com\/tr\/wp-json\/wp\/v2\/comments?post=2459"}],"wp:featuredmedia":[{"embeddable":true,"href":"https:\/\/premiumteagold.com\/tr\/wp-json\/wp\/v2\/media\/2727"}],"wp:attachment":[{"href":"https:\/\/premiumteagold.com\/tr\/wp-json\/wp\/v2\/media?parent=2459"}],"wp:term":[{"taxonomy":"product_brand","embeddable":true,"href":"https:\/\/premiumteagold.com\/tr\/wp-json\/wp\/v2\/product_brand?post=2459"},{"taxonomy":"product_cat","embeddable":true,"href":"https:\/\/premiumteagold.com\/tr\/wp-json\/wp\/v2\/product_cat?post=2459"},{"taxonomy":"product_tag","embeddable":true,"href":"https:\/\/premiumteagold.com\/tr\/wp-json\/wp\/v2\/product_tag?post=2459"}],"curies":[{"name":"wp","href":"https:\/\/api.w.org\/{rel}","templated":true}]}}