{"id":2469,"date":"2024-05-26T13:06:21","date_gmt":"2024-05-26T13:06:21","guid":{"rendered":"https:\/\/premiumteagold.com\/?post_type=product&#038;p=2469"},"modified":"2026-04-10T21:39:25","modified_gmt":"2026-04-10T21:39:25","slug":"glox-detox-tee-29-95euro","status":"publish","type":"product","link":"https:\/\/premiumteagold.com\/tr\/product\/glox-detox-tee-29-95euro\/","title":{"rendered":"Glox Detox Tee 29,95 euro"},"content":{"rendered":"<p>Do\u011fal i\u00e7erikli <strong data-start=\"473\" data-end=\"487\">GLOX Detox<\/strong> ile ferahl\u0131k, ar\u0131nma ve yenilenme. Katk\u0131s\u0131z, bitkisel ve etkili detox \u00fcr\u00fcn\u00fc-GloxDetox Tee 29.95 EURO<\/p>","protected":false},"excerpt":{"rendered":"<p>Glox Detox Tee 34.95 euro-<strong data-start=\"315\" data-end=\"329\">GLOX Detox<\/strong>, metabolizmay\u0131 destekler, do\u011fal ar\u0131nmaya ve kilo kontrol\u00fcne yard\u0131mc\u0131 olur. Sa\u011fl\u0131kl\u0131 detox \u00e7\u00f6z\u00fcm\u00fc.<\/p>","protected":false},"featured_media":2470,"comment_status":"closed","ping_status":"closed","template":"","meta":[],"product_brand":[],"product_cat":[220,223,15],"product_tag":[],"class_list":{"0":"post-2469","1":"product","2":"type-product","3":"status-publish","4":"has-post-thumbnail","6":"product_cat-bestseller","7":"product_cat-glox-tee","8":"product_cat-uncategorized","10":"first","11":"instock","12":"shipping-taxable","13":"purchasable","14":"product-type-simple"},"aioseo_notices":[],"jetpack_sharing_enabled":true,"_links":{"self":[{"href":"https:\/\/premiumteagold.com\/tr\/wp-json\/wp\/v2\/product\/2469","targetHints":{"allow":["GET"]}}],"collection":[{"href":"https:\/\/premiumteagold.com\/tr\/wp-json\/wp\/v2\/product"}],"about":[{"href":"https:\/\/premiumteagold.com\/tr\/wp-json\/wp\/v2\/types\/product"}],"replies":[{"embeddable":true,"href":"https:\/\/premiumteagold.com\/tr\/wp-json\/wp\/v2\/comments?post=2469"}],"wp:featuredmedia":[{"embeddable":true,"href":"https:\/\/premiumteagold.com\/tr\/wp-json\/wp\/v2\/media\/2470"}],"wp:attachment":[{"href":"https:\/\/premiumteagold.com\/tr\/wp-json\/wp\/v2\/media?parent=2469"}],"wp:term":[{"taxonomy":"product_brand","embeddable":true,"href":"https:\/\/premiumteagold.com\/tr\/wp-json\/wp\/v2\/product_brand?post=2469"},{"taxonomy":"product_cat","embeddable":true,"href":"https:\/\/premiumteagold.com\/tr\/wp-json\/wp\/v2\/product_cat?post=2469"},{"taxonomy":"product_tag","embeddable":true,"href":"https:\/\/premiumteagold.com\/tr\/wp-json\/wp\/v2\/product_tag?post=2469"}],"curies":[{"name":"wp","href":"https:\/\/api.w.org\/{rel}","templated":true}]}}