{"id":2495,"date":"2024-06-25T15:10:32","date_gmt":"2024-06-25T15:10:32","guid":{"rendered":"https:\/\/premiumteagold.com\/?post_type=product&#038;p=2495"},"modified":"2025-10-12T18:59:22","modified_gmt":"2025-10-12T18:59:22","slug":"forx5-1999-euro-kapsel-aktion","status":"publish","type":"product","link":"https:\/\/premiumteagold.com\/tr\/product\/forx5-1999-euro-kapsel-aktion\/","title":{"rendered":"ForX5 Detox Kaps\u00fcl"},"content":{"rendered":"<p><strong data-start=\"0\" data-end=\"34\" data-is-only-node=\"\">ForX5 Detox Kaps\u00fcl\u00a0<\/strong><br data-start=\"34\" data-end=\"37\" \/>Ya\u011f yak\u0131m\u0131n\u0131 h\u0131zland\u0131r, v\u00fccudunu ar\u0131nd\u0131r ve enerjini art\u0131r! Hepsi tek kaps\u00fclde. Do\u011fal detoks g\u00fcc\u00fcyle fit bir g\u00f6r\u00fcn\u00fcme kavu\u015f,<\/p>","protected":false},"excerpt":{"rendered":"<p><strong data-start=\"0\" data-end=\"34\" data-is-only-node=\"\">ForX5 Detox Kaps\u00fcl\u00a0<\/strong><br data-start=\"34\" data-end=\"37\" \/>Ya\u011f yak\u0131m\u0131n\u0131 h\u0131zland\u0131r, v\u00fccudunu ar\u0131nd\u0131r ve enerjini art\u0131r! Hepsi tek kaps\u00fclde. Do\u011fal detoks g\u00fcc\u00fcyle fit bir g\u00f6r\u00fcn\u00fcme kavu\u015f,<\/p>","protected":false},"featured_media":2497,"comment_status":"closed","ping_status":"closed","template":"","meta":[],"product_brand":[],"product_cat":[220,206,15],"product_tag":[],"class_list":{"0":"post-2495","1":"product","2":"type-product","3":"status-publish","4":"has-post-thumbnail","6":"product_cat-bestseller","7":"product_cat-forx5","8":"product_cat-uncategorized","10":"first","11":"instock","12":"shipping-taxable","13":"purchasable","14":"product-type-simple"},"aioseo_notices":[],"jetpack_sharing_enabled":true,"_links":{"self":[{"href":"https:\/\/premiumteagold.com\/tr\/wp-json\/wp\/v2\/product\/2495","targetHints":{"allow":["GET"]}}],"collection":[{"href":"https:\/\/premiumteagold.com\/tr\/wp-json\/wp\/v2\/product"}],"about":[{"href":"https:\/\/premiumteagold.com\/tr\/wp-json\/wp\/v2\/types\/product"}],"replies":[{"embeddable":true,"href":"https:\/\/premiumteagold.com\/tr\/wp-json\/wp\/v2\/comments?post=2495"}],"wp:featuredmedia":[{"embeddable":true,"href":"https:\/\/premiumteagold.com\/tr\/wp-json\/wp\/v2\/media\/2497"}],"wp:attachment":[{"href":"https:\/\/premiumteagold.com\/tr\/wp-json\/wp\/v2\/media?parent=2495"}],"wp:term":[{"taxonomy":"product_brand","embeddable":true,"href":"https:\/\/premiumteagold.com\/tr\/wp-json\/wp\/v2\/product_brand?post=2495"},{"taxonomy":"product_cat","embeddable":true,"href":"https:\/\/premiumteagold.com\/tr\/wp-json\/wp\/v2\/product_cat?post=2495"},{"taxonomy":"product_tag","embeddable":true,"href":"https:\/\/premiumteagold.com\/tr\/wp-json\/wp\/v2\/product_tag?post=2495"}],"curies":[{"name":"wp","href":"https:\/\/api.w.org\/{rel}","templated":true}]}}