{"id":2506,"date":"2024-06-26T14:35:20","date_gmt":"2024-06-26T14:35:20","guid":{"rendered":"https:\/\/premiumteagold.com\/?post_type=product&#038;p=2506"},"modified":"2026-03-07T12:44:59","modified_gmt":"2026-03-07T12:44:59","slug":"dream-tox-tea-3995-eueo","status":"publish","type":"product","link":"https:\/\/premiumteagold.com\/tr\/product\/dream-tox-tea-3995-eueo\/","title":{"rendered":"Dream Tox Tea 39,95 Eueo"},"content":{"rendered":"<p>Dreamtox Tee 39,95 Euro-<strong data-start=\"751\" data-end=\"773\">DREAMTOX Detox \u00c7ay<\/strong> \u2013 bitkisel detox, do\u011fal i\u00e7erik, sa\u011fl\u0131kl\u0131 ya\u015fam ve fit g\u00f6r\u00fcn\u00fcm i\u00e7in ideal destek.<\/p>","protected":false},"excerpt":{"rendered":"<p>Dream Tox Tee 29,95 euro-Do\u011fal i\u00e7erikli <strong data-start=\"493\" data-end=\"515\">DREAMTOX Detox \u00c7ay<\/strong> ile ar\u0131nma, ferahl\u0131k ve yenilenme. Katk\u0131s\u0131z, bitkisel ve etkili form\u00fcl.<\/p>","protected":false},"featured_media":2505,"comment_status":"closed","ping_status":"closed","template":"","meta":[],"product_brand":[],"product_cat":[220,215,15],"product_tag":[],"class_list":{"0":"post-2506","1":"product","2":"type-product","3":"status-publish","4":"has-post-thumbnail","6":"product_cat-bestseller","7":"product_cat-dreamtox","8":"product_cat-uncategorized","10":"first","11":"instock","12":"sale","13":"shipping-taxable","14":"purchasable","15":"product-type-simple"},"aioseo_notices":[],"jetpack_sharing_enabled":true,"_links":{"self":[{"href":"https:\/\/premiumteagold.com\/tr\/wp-json\/wp\/v2\/product\/2506","targetHints":{"allow":["GET"]}}],"collection":[{"href":"https:\/\/premiumteagold.com\/tr\/wp-json\/wp\/v2\/product"}],"about":[{"href":"https:\/\/premiumteagold.com\/tr\/wp-json\/wp\/v2\/types\/product"}],"replies":[{"embeddable":true,"href":"https:\/\/premiumteagold.com\/tr\/wp-json\/wp\/v2\/comments?post=2506"}],"wp:featuredmedia":[{"embeddable":true,"href":"https:\/\/premiumteagold.com\/tr\/wp-json\/wp\/v2\/media\/2505"}],"wp:attachment":[{"href":"https:\/\/premiumteagold.com\/tr\/wp-json\/wp\/v2\/media?parent=2506"}],"wp:term":[{"taxonomy":"product_brand","embeddable":true,"href":"https:\/\/premiumteagold.com\/tr\/wp-json\/wp\/v2\/product_brand?post=2506"},{"taxonomy":"product_cat","embeddable":true,"href":"https:\/\/premiumteagold.com\/tr\/wp-json\/wp\/v2\/product_cat?post=2506"},{"taxonomy":"product_tag","embeddable":true,"href":"https:\/\/premiumteagold.com\/tr\/wp-json\/wp\/v2\/product_tag?post=2506"}],"curies":[{"name":"wp","href":"https:\/\/api.w.org\/{rel}","templated":true}]}}