{"id":2589,"date":"2024-10-28T21:12:56","date_gmt":"2024-10-28T21:12:56","guid":{"rendered":"https:\/\/premiumteagold.com\/?post_type=product&#038;p=2589"},"modified":"2026-04-06T14:32:29","modified_gmt":"2026-04-06T14:32:29","slug":"meri-detox-premium-tea-gold","status":"publish","type":"product","link":"https:\/\/premiumteagold.com\/tr\/product\/meri-detox-premium-tea-gold\/","title":{"rendered":"Meri Detox Premium Tea\u00a0Gold 29,95 euro"},"content":{"rendered":"<p><strong data-start=\"324\" data-end=\"355\">Meri Detox Premium Tea Gold<\/strong>, metabolizmay\u0131 destekler, \u015fi\u015fkinlik ve \u00f6demin azalmas\u0131na yard\u0131mc\u0131 olur. Do\u011fal ve etkili detox.<\/p>","protected":false},"excerpt":{"rendered":"<p>Alt\u0131n kalite <strong data-start=\"491\" data-end=\"522\">Meri Detox Premium Tea Gold<\/strong> ile do\u011fal ar\u0131nma ve hafiflik hissi. Katk\u0131s\u0131z, bitkisel ve premium detox \u00e7ay\u0131.<\/p>","protected":false},"featured_media":2563,"comment_status":"closed","ping_status":"closed","template":"","meta":[],"product_brand":[],"product_cat":[220,218,225,15],"product_tag":[],"class_list":{"0":"post-2589","1":"product","2":"type-product","3":"status-publish","4":"has-post-thumbnail","6":"product_cat-bestseller","7":"product_cat-meri-detox","8":"product_cat-premium-tea-gold","9":"product_cat-uncategorized","11":"first","12":"instock","13":"sale","14":"featured","15":"shipping-taxable","16":"purchasable","17":"product-type-simple"},"aioseo_notices":[],"jetpack_sharing_enabled":true,"_links":{"self":[{"href":"https:\/\/premiumteagold.com\/tr\/wp-json\/wp\/v2\/product\/2589","targetHints":{"allow":["GET"]}}],"collection":[{"href":"https:\/\/premiumteagold.com\/tr\/wp-json\/wp\/v2\/product"}],"about":[{"href":"https:\/\/premiumteagold.com\/tr\/wp-json\/wp\/v2\/types\/product"}],"replies":[{"embeddable":true,"href":"https:\/\/premiumteagold.com\/tr\/wp-json\/wp\/v2\/comments?post=2589"}],"wp:featuredmedia":[{"embeddable":true,"href":"https:\/\/premiumteagold.com\/tr\/wp-json\/wp\/v2\/media\/2563"}],"wp:attachment":[{"href":"https:\/\/premiumteagold.com\/tr\/wp-json\/wp\/v2\/media?parent=2589"}],"wp:term":[{"taxonomy":"product_brand","embeddable":true,"href":"https:\/\/premiumteagold.com\/tr\/wp-json\/wp\/v2\/product_brand?post=2589"},{"taxonomy":"product_cat","embeddable":true,"href":"https:\/\/premiumteagold.com\/tr\/wp-json\/wp\/v2\/product_cat?post=2589"},{"taxonomy":"product_tag","embeddable":true,"href":"https:\/\/premiumteagold.com\/tr\/wp-json\/wp\/v2\/product_tag?post=2589"}],"curies":[{"name":"wp","href":"https:\/\/api.w.org\/{rel}","templated":true}]}}