{"id":2590,"date":"2024-10-28T21:16:53","date_gmt":"2024-10-28T21:16:53","guid":{"rendered":"https:\/\/premiumteagold.com\/?post_type=product&#038;p=2590"},"modified":"2026-03-07T22:23:26","modified_gmt":"2026-03-07T22:23:26","slug":"formbella-detox-tee-und-kapseln","status":"publish","type":"product","link":"https:\/\/premiumteagold.com\/tr\/product\/formbella-detox-tee-und-kapseln\/","title":{"rendered":"FormBella Detox-Tee und Kapseln 39.95 euro"},"content":{"rendered":"<p data-start=\"0\" data-end=\"52\"><strong data-start=\"0\" data-end=\"50\">Formbella Detox \u00c7ay ve Kaps\u00fcl \u00dcr\u00fcn A\u00e7\u0131klamas\u0131:<\/strong><\/p>\n<p data-start=\"54\" data-end=\"390\">Formbella Detox, bitkisel i\u00e7eri\u011fiyle v\u00fccudun do\u011fal detoks s\u00fcrecini destekler ve kilo kontrol\u00fcne yard\u0131mc\u0131 olur. \u00c7ay formu metabolizmay\u0131 h\u0131zland\u0131rarak toksinlerin at\u0131lmas\u0131n\u0131 kolayla\u015ft\u0131r\u0131rken, kaps\u00fcl formu g\u00fcn boyu ya\u011f yak\u0131m\u0131n\u0131 destekler. D\u00fczenli kullan\u0131mda v\u00fccut dengesini yeniden kurar, \u015fi\u015fkinlik hissini azalt\u0131r ve enerjinizi art\u0131r\u0131r.<\/p>\n<p data-start=\"392\" data-end=\"410\">","protected":false},"excerpt":{"rendered":"<p><strong data-start=\"0\" data-end=\"35\" data-is-only-node=\"\">Formbella Detox \u00c7ay ve Kaps\u00fcl \u2013<\/strong> Ya\u011f yak\u0131m\u0131n\u0131 destekler, v\u00fccudu ar\u0131nd\u0131r\u0131r ve do\u011fal \u015fekilde kilo vermeye yard\u0131mc\u0131 olur. Daha fit bir g\u00f6r\u00fcn\u00fcm ve enerji dolu bir ya\u015fam i\u00e7in!<\/p>","protected":false},"featured_media":2591,"comment_status":"closed","ping_status":"closed","template":"","meta":[],"product_brand":[],"product_cat":[217],"product_tag":[],"class_list":{"0":"post-2590","1":"product","2":"type-product","3":"status-publish","4":"has-post-thumbnail","6":"product_cat-formbella","8":"first","9":"instock","10":"sale","11":"shipping-taxable","12":"purchasable","13":"product-type-simple"},"aioseo_notices":[],"jetpack_sharing_enabled":true,"_links":{"self":[{"href":"https:\/\/premiumteagold.com\/tr\/wp-json\/wp\/v2\/product\/2590","targetHints":{"allow":["GET"]}}],"collection":[{"href":"https:\/\/premiumteagold.com\/tr\/wp-json\/wp\/v2\/product"}],"about":[{"href":"https:\/\/premiumteagold.com\/tr\/wp-json\/wp\/v2\/types\/product"}],"replies":[{"embeddable":true,"href":"https:\/\/premiumteagold.com\/tr\/wp-json\/wp\/v2\/comments?post=2590"}],"wp:featuredmedia":[{"embeddable":true,"href":"https:\/\/premiumteagold.com\/tr\/wp-json\/wp\/v2\/media\/2591"}],"wp:attachment":[{"href":"https:\/\/premiumteagold.com\/tr\/wp-json\/wp\/v2\/media?parent=2590"}],"wp:term":[{"taxonomy":"product_brand","embeddable":true,"href":"https:\/\/premiumteagold.com\/tr\/wp-json\/wp\/v2\/product_brand?post=2590"},{"taxonomy":"product_cat","embeddable":true,"href":"https:\/\/premiumteagold.com\/tr\/wp-json\/wp\/v2\/product_cat?post=2590"},{"taxonomy":"product_tag","embeddable":true,"href":"https:\/\/premiumteagold.com\/tr\/wp-json\/wp\/v2\/product_tag?post=2590"}],"curies":[{"name":"wp","href":"https:\/\/api.w.org\/{rel}","templated":true}]}}