{"id":2629,"date":"2025-03-02T17:11:42","date_gmt":"2025-03-02T17:11:42","guid":{"rendered":"https:\/\/premiumteagold.com\/?post_type=product&#038;p=2629"},"modified":"2026-04-10T21:39:25","modified_gmt":"2026-04-10T21:39:25","slug":"detox-capsel-geschenk-meri-premium-gold-detox-tee-und-capsel-4995-euro","status":"publish","type":"product","link":"https:\/\/premiumteagold.com\/tr\/product\/detox-capsel-geschenk-meri-premium-gold-detox-tee-und-capsel-4995-euro\/","title":{"rendered":"Premium Detox Tee Gold-und Capsel Aktion 49,95 euro"},"content":{"rendered":"<p data-start=\"347\" data-end=\"540\"><strong data-start=\"839\" data-end=\"865\">Premium Gold Detox \u00c7ay<\/strong> ile fit kal, ar\u0131n, yenilen. %100 do\u011fal i\u00e7erik, etkili detox, sa\u011fl\u0131kl\u0131 ya\u015fam deste\u011fi.<\/p>\n<p data-start=\"347\" data-end=\"540\">","protected":false},"excerpt":{"rendered":"<p><strong data-start=\"349\" data-end=\"375\">Premium Gold Detox \u00c7ay<\/strong>, metabolizmay\u0131 destekler, ya\u011f yak\u0131m\u0131na yard\u0131mc\u0131 olur. Do\u011fal bitkilerle sa\u011fl\u0131kl\u0131 ve etkili detox<\/p>\n<p>&nbsp;<\/p>","protected":false},"featured_media":2630,"comment_status":"closed","ping_status":"closed","template":"","meta":[],"product_brand":[232,226],"product_cat":[220,215,217,218,222,225,15],"product_tag":[230,227,231,229,228],"class_list":{"0":"post-2629","1":"product","2":"type-product","3":"status-publish","4":"has-post-thumbnail","6":"product_brand-premium-gold-capsule","7":"product_brand-premium-gold-tea","8":"product_cat-bestseller","9":"product_cat-dreamtox","10":"product_cat-formbella","11":"product_cat-meri-detox","12":"product_cat-oezlex-tea","13":"product_cat-premium-tea-gold","14":"product_cat-uncategorized","15":"product_tag-premium-capsule-tea","16":"product_tag-premium-gold","17":"product_tag-premium-gold-capsel","18":"product_tag-premium-gold-tea","19":"product_tag-premium-tea","21":"first","22":"instock","23":"featured","24":"shipping-taxable","25":"purchasable","26":"product-type-simple"},"aioseo_notices":[],"jetpack_sharing_enabled":true,"_links":{"self":[{"href":"https:\/\/premiumteagold.com\/tr\/wp-json\/wp\/v2\/product\/2629","targetHints":{"allow":["GET"]}}],"collection":[{"href":"https:\/\/premiumteagold.com\/tr\/wp-json\/wp\/v2\/product"}],"about":[{"href":"https:\/\/premiumteagold.com\/tr\/wp-json\/wp\/v2\/types\/product"}],"replies":[{"embeddable":true,"href":"https:\/\/premiumteagold.com\/tr\/wp-json\/wp\/v2\/comments?post=2629"}],"wp:featuredmedia":[{"embeddable":true,"href":"https:\/\/premiumteagold.com\/tr\/wp-json\/wp\/v2\/media\/2630"}],"wp:attachment":[{"href":"https:\/\/premiumteagold.com\/tr\/wp-json\/wp\/v2\/media?parent=2629"}],"wp:term":[{"taxonomy":"product_brand","embeddable":true,"href":"https:\/\/premiumteagold.com\/tr\/wp-json\/wp\/v2\/product_brand?post=2629"},{"taxonomy":"product_cat","embeddable":true,"href":"https:\/\/premiumteagold.com\/tr\/wp-json\/wp\/v2\/product_cat?post=2629"},{"taxonomy":"product_tag","embeddable":true,"href":"https:\/\/premiumteagold.com\/tr\/wp-json\/wp\/v2\/product_tag?post=2629"}],"curies":[{"name":"wp","href":"https:\/\/api.w.org\/{rel}","templated":true}]}}