{"id":2653,"date":"2025-04-14T11:32:04","date_gmt":"2025-04-14T11:32:04","guid":{"rendered":"https:\/\/premiumteagold.com\/?post_type=product&#038;p=2653"},"modified":"2026-03-03T20:45:12","modified_gmt":"2026-03-03T20:45:12","slug":"premium-gold-capsel-2995-euro","status":"publish","type":"product","link":"https:\/\/premiumteagold.com\/tr\/product\/premium-gold-capsel-2995-euro\/","title":{"rendered":"Premium Gold Detox Capsel 19,95 euro"},"content":{"rendered":"<p>&nbsp;<\/p>\n<p>Premium Gold Capsel \u2013 Unterst\u00fctzt nat\u00fcrliche Entgiftung und Gewichtsmanagement f\u00fcr eine sch\u00f6ne K\u00f6rperform. F\u00fcr ein gesundes, fittes und energiegeladenes Erscheinungsbild \u2013 probieren Sie es jetzt!<\/p>\n<p>&nbsp;<\/p>\n<p>&nbsp;<\/p>\n<p>&nbsp;<\/p>\n<p>&nbsp;<\/p>\n<p>&nbsp;<\/p>\n<p>&nbsp;<\/p>\n<p>&nbsp;<\/p>\n<p>&nbsp;<\/p>\n<p>&nbsp;<\/p>\n<p>&nbsp;<\/p>\n<p>&nbsp;<\/p>\n<p>&nbsp;<\/p>\n<p>&nbsp;<\/p>\n<p>&nbsp;<\/p>\n<p>&nbsp;<\/p>\n<p>&nbsp;<\/p>\n<p>&nbsp;<\/p>\n<p>&nbsp;<\/p>\n<p>&nbsp;<\/p>\n<p>&nbsp;<\/p>\n<p>&nbsp;<\/p>\n<p>&nbsp;<\/p>\n<p>&nbsp;<\/p>\n<p>&nbsp;<\/p>\n<p>&nbsp;<\/p>\n<p>&nbsp;<\/p>\n<p>&nbsp;<\/p>\n<p>&nbsp;<\/p>\n<p>&nbsp;<\/p>\n<p>&nbsp;<\/p>\n<p>&nbsp;<\/p>\n<p>&nbsp;<\/p>\n<p>&nbsp;<\/p>\n<p>&nbsp;<\/p>\n<p>&nbsp;<\/p>\n<p>&nbsp;<\/p>\n<p>&nbsp;<\/p>\n<p>&nbsp;<\/p>\n<p>&nbsp;<\/p>\n<p>&nbsp;<\/p>\n<p>&nbsp;<\/p>\n<p>&nbsp;<\/p>\n<p>&nbsp;<\/p>\n<p>&nbsp;<\/p>\n<p>&nbsp;<\/p>\n<p>&nbsp;<\/p>\n<p>&nbsp;<\/p>\n<p>&nbsp;<\/p>\n<p>&nbsp;<\/p>\n<p>&nbsp;<\/p>\n<p>&nbsp;<\/p>\n<p>&nbsp;<\/p>\n<p>&nbsp;<\/p>\n<p>&nbsp;<\/p>\n<p>&nbsp;<\/p>\n<p>&nbsp;<\/p>\n<p>&nbsp;<\/p>\n<p>&nbsp;<\/p>\n<div class=\"jso-cursor-trail-wrapper\" style=\"position: fixed; left: 0px; top: 0px; width: 100vw; height: 100vh; overflow: hidden; pointer-events: none; z-index: 9999;\">\n<div class=\"jso-cursor-trail-shape\" style=\"position: absolute; left: 0px; top: 0px; pointer-events: none; display: none;\"><\/div>\n<div class=\"jso-cursor-trail-shape\" style=\"position: absolute; left: 0px; top: 0px; pointer-events: none; display: none;\"><\/div>\n<div class=\"jso-cursor-trail-shape\" style=\"position: absolute; left: 0px; top: 0px; pointer-events: none; display: none;\"><\/div>\n<div class=\"jso-cursor-trail-shape\" style=\"position: absolute; left: 0px; top: 0px; pointer-events: none; display: none;\"><\/div>\n<div class=\"jso-cursor-trail-shape\" style=\"position: absolute; left: 0px; top: 0px; pointer-events: none; display: none;\"><\/div>\n<div class=\"jso-cursor-trail-shape\" style=\"position: absolute; left: 0px; top: 0px; pointer-events: none; display: none;\"><\/div>\n<div class=\"jso-cursor-trail-shape\" style=\"position: absolute; left: 0px; top: 0px; pointer-events: none; display: none;\"><\/div>\n<div class=\"jso-cursor-trail-shape\" style=\"position: absolute; left: 0px; top: 0px; pointer-events: none; display: none;\"><\/div>\n<div class=\"jso-cursor-trail-shape\" style=\"position: absolute; left: 0px; top: 0px; pointer-events: none; display: none;\"><\/div>\n<div class=\"jso-cursor-trail-shape\" style=\"position: absolute; left: 0px; top: 0px; pointer-events: none; display: none;\"><\/div>\n<div class=\"jso-cursor-trail-shape\" style=\"position: absolute; left: 0px; top: 0px; pointer-events: none; display: none;\"><\/div>\n<div class=\"jso-cursor-trail-shape\" style=\"position: absolute; left: 0px; top: 0px; pointer-events: none; display: none;\"><\/div>\n<div class=\"jso-cursor-trail-shape\" style=\"position: absolute; left: 0px; top: 0px; pointer-events: none; display: none;\"><\/div>\n<div class=\"jso-cursor-trail-shape\" style=\"position: absolute; left: 0px; top: 0px; pointer-events: none; display: none;\"><\/div>\n<div class=\"jso-cursor-trail-shape\" style=\"position: absolute; left: 0px; top: 0px; pointer-events: none; display: none;\"><\/div>\n<div class=\"jso-cursor-trail-shape\" style=\"position: absolute; left: 0px; top: 0px; pointer-events: none; display: none;\"><\/div>\n<div class=\"jso-cursor-trail-shape\" style=\"position: absolute; left: 0px; top: 0px; pointer-events: none; display: none;\"><\/div>\n<div class=\"jso-cursor-trail-shape\" style=\"position: absolute; left: 0px; top: 0px; pointer-events: none; display: none;\"><\/div>\n<div class=\"jso-cursor-trail-shape\" style=\"position: absolute; left: 0px; top: 0px; pointer-events: none; display: none;\"><\/div>\n<div class=\"jso-cursor-trail-shape\" style=\"position: absolute; left: 0px; top: 0px; pointer-events: none; display: none;\"><\/div>\n<div class=\"jso-cursor-trail-shape\" style=\"position: absolute; left: 0px; top: 0px; pointer-events: none; display: none;\"><\/div>\n<div class=\"jso-cursor-trail-shape\" style=\"position: absolute; left: 0px; top: 0px; pointer-events: none; display: none;\"><\/div>\n<div class=\"jso-cursor-trail-shape\" style=\"position: absolute; left: 0px; top: 0px; pointer-events: none; display: none;\"><\/div>\n<div class=\"jso-cursor-trail-shape\" style=\"position: absolute; left: 0px; top: 0px; pointer-events: none; display: none;\"><\/div>\n<div class=\"jso-cursor-trail-shape\" style=\"position: absolute; left: 0px; top: 0px; pointer-events: none; display: none;\"><\/div>\n<div class=\"jso-cursor-trail-shape\" style=\"position: absolute; left: 390px; top: 1262px; pointer-events: none; display: none;\"><\/div>\n<div class=\"jso-cursor-trail-shape\" style=\"position: absolute; left: 391px; top: 1258px; pointer-events: none; display: none;\"><\/div>\n<div class=\"jso-cursor-trail-shape\" style=\"position: absolute; left: 391px; top: 1257px; pointer-events: none; display: none;\"><\/div>\n<div class=\"jso-cursor-trail-shape\" style=\"position: absolute; left: 387px; top: 1182px; pointer-events: none; display: none;\"><\/div>\n<div class=\"jso-cursor-trail-shape\" style=\"position: absolute; left: 382px; top: 1027px; pointer-events: none; display: none;\"><\/div>\n<div class=\"jso-cursor-trail-shape\" style=\"position: absolute; left: 426px; top: 3028px; pointer-events: none; display: none;\"><\/div>\n<div class=\"jso-cursor-trail-shape\" style=\"position: absolute; left: 418px; top: 2856px; pointer-events: none; display: none;\"><\/div>\n<div class=\"jso-cursor-trail-shape\" style=\"position: absolute; left: 414px; top: 2737px; pointer-events: none; display: none;\"><\/div>\n<div class=\"jso-cursor-trail-shape\" style=\"position: absolute; left: 414px; top: 2677px; pointer-events: none; display: none;\"><\/div>\n<div class=\"jso-cursor-trail-shape\" style=\"position: absolute; left: 415px; top: 2674px; pointer-events: none; display: none;\"><\/div>\n<div class=\"jso-cursor-trail-shape\" style=\"position: absolute; left: 418px; top: 2646px; pointer-events: none; display: none;\"><\/div>\n<div class=\"jso-cursor-trail-shape\" style=\"position: absolute; left: 415px; top: 2499px; pointer-events: none; display: none;\"><\/div>\n<div class=\"jso-cursor-trail-shape\" style=\"position: absolute; left: 411px; top: 2370px; pointer-events: none; display: none;\"><\/div>\n<div class=\"jso-cursor-trail-shape\" style=\"position: absolute; left: 408px; top: 2191px; pointer-events: none; display: none;\"><\/div>\n<div class=\"jso-cursor-trail-shape\" style=\"position: absolute; left: 408px; top: 2187px; pointer-events: none; display: none;\"><\/div>\n<div class=\"jso-cursor-trail-shape\" style=\"position: absolute; left: 408px; top: 2184px; pointer-events: none; display: none;\"><\/div>\n<div class=\"jso-cursor-trail-shape\" style=\"position: absolute; left: 406px; top: 1838px; pointer-events: none; display: none;\"><\/div>\n<div class=\"jso-cursor-trail-shape\" style=\"position: absolute; left: 406px; top: 1792px; pointer-events: none; display: none;\"><\/div>\n<div class=\"jso-cursor-trail-shape\" style=\"position: absolute; left: 406px; top: 1774px; pointer-events: none; display: none;\"><\/div>\n<div class=\"jso-cursor-trail-shape\" style=\"position: absolute; left: 407px; top: 1771px; pointer-events: none; display: none;\"><\/div>\n<div class=\"jso-cursor-trail-shape\" style=\"position: absolute; left: 406px; top: 1764px; pointer-events: none; display: none;\"><\/div>\n<div class=\"jso-cursor-trail-shape\" style=\"position: absolute; left: 399px; top: 1603px; pointer-events: none; display: none;\"><\/div>\n<div class=\"jso-cursor-trail-shape\" style=\"position: absolute; left: 391px; top: 1425px; pointer-events: none; display: none;\"><\/div>\n<div class=\"jso-cursor-trail-shape\" style=\"position: absolute; left: 389px; top: 1276px; pointer-events: none; display: none;\"><\/div>\n<div class=\"jso-cursor-trail-shape\" style=\"position: absolute; left: 390px; top: 1265px; pointer-events: none; display: none;\"><\/div>\n<\/div>","protected":false},"excerpt":{"rendered":"<p>Premium Gold Kapsel \u2013 Unterst\u00fctzt nat\u00fcrliche Entgiftung und Gewichtsmanagement f\u00fcr eine sch\u00f6ne K\u00f6rperform. F\u00fcr ein gesundes, fittes und energiegeladenes Erscheinungsbild \u2013 probieren Sie es jetzt!<\/p>\n<div class=\"jso-cursor-trail-wrapper\" style=\"position: fixed; left: 0px; top: 0px; width: 100vw; height: 100vh; overflow: hidden; pointer-events: none; z-index: 9999;\">\n<div class=\"jso-cursor-trail-shape\" style=\"position: absolute; left: 0px; top: 0px; pointer-events: none; display: none;\"><\/div>\n<div class=\"jso-cursor-trail-shape\" style=\"position: absolute; left: 0px; top: 0px; pointer-events: none; display: none;\"><\/div>\n<div class=\"jso-cursor-trail-shape\" style=\"position: absolute; left: 0px; top: 0px; pointer-events: none; display: none;\"><\/div>\n<div class=\"jso-cursor-trail-shape\" style=\"position: absolute; left: 0px; top: 0px; pointer-events: none; display: none;\"><\/div>\n<div class=\"jso-cursor-trail-shape\" style=\"position: absolute; left: 0px; top: 0px; pointer-events: none; display: none;\"><\/div>\n<div class=\"jso-cursor-trail-shape\" style=\"position: absolute; left: 0px; top: 0px; pointer-events: none; display: none;\"><\/div>\n<div class=\"jso-cursor-trail-shape\" style=\"position: absolute; left: 0px; top: 0px; pointer-events: none; display: none;\"><\/div>\n<div class=\"jso-cursor-trail-shape\" style=\"position: absolute; left: 0px; top: 0px; pointer-events: none; display: none;\"><\/div>\n<div class=\"jso-cursor-trail-shape\" style=\"position: absolute; left: 0px; top: 0px; pointer-events: none; display: none;\"><\/div>\n<div class=\"jso-cursor-trail-shape\" style=\"position: absolute; left: 0px; top: 0px; pointer-events: none; display: none;\"><\/div>\n<div class=\"jso-cursor-trail-shape\" style=\"position: absolute; left: 0px; top: 0px; pointer-events: none; display: none;\"><\/div>\n<div class=\"jso-cursor-trail-shape\" style=\"position: absolute; left: 0px; top: 0px; pointer-events: none; display: none;\"><\/div>\n<div class=\"jso-cursor-trail-shape\" style=\"position: absolute; left: 0px; top: 0px; pointer-events: none; display: none;\"><\/div>\n<div class=\"jso-cursor-trail-shape\" style=\"position: absolute; left: 0px; top: 0px; pointer-events: none; display: none;\"><\/div>\n<div class=\"jso-cursor-trail-shape\" style=\"position: absolute; left: 0px; top: 0px; pointer-events: none; display: none;\"><\/div>\n<div class=\"jso-cursor-trail-shape\" style=\"position: absolute; left: 0px; top: 0px; pointer-events: none; display: none;\"><\/div>\n<div class=\"jso-cursor-trail-shape\" style=\"position: absolute; left: 0px; top: 0px; pointer-events: none; display: none;\"><\/div>\n<div class=\"jso-cursor-trail-shape\" style=\"position: absolute; left: 0px; top: 0px; pointer-events: none; display: none;\"><\/div>\n<div class=\"jso-cursor-trail-shape\" style=\"position: absolute; left: 0px; top: 0px; pointer-events: none; display: none;\"><\/div>\n<div class=\"jso-cursor-trail-shape\" style=\"position: absolute; left: 0px; top: 0px; pointer-events: none; display: none;\"><\/div>\n<div class=\"jso-cursor-trail-shape\" style=\"position: absolute; left: 0px; top: 0px; pointer-events: none; display: none;\"><\/div>\n<div class=\"jso-cursor-trail-shape\" style=\"position: absolute; left: 0px; top: 0px; pointer-events: none; display: none;\"><\/div>\n<div class=\"jso-cursor-trail-shape\" style=\"position: absolute; left: 0px; top: 0px; pointer-events: none; display: none;\"><\/div>\n<div class=\"jso-cursor-trail-shape\" style=\"position: absolute; left: 0px; top: 0px; pointer-events: none; display: none;\"><\/div>\n<div class=\"jso-cursor-trail-shape\" style=\"position: absolute; left: 0px; top: 0px; pointer-events: none; display: none;\"><\/div>\n<div class=\"jso-cursor-trail-shape\" style=\"position: absolute; left: 576px; top: 26px; pointer-events: none; display: none;\"><\/div>\n<div class=\"jso-cursor-trail-shape\" style=\"position: absolute; left: 0px; top: 0px; pointer-events: none; display: none;\"><\/div>\n<div class=\"jso-cursor-trail-shape\" style=\"position: absolute; left: 0px; top: 0px; pointer-events: none; display: none;\"><\/div>\n<div class=\"jso-cursor-trail-shape\" style=\"position: absolute; left: 0px; top: 0px; pointer-events: none; display: none;\"><\/div>\n<div class=\"jso-cursor-trail-shape\" style=\"position: absolute; left: 0px; top: 0px; pointer-events: none; display: none;\"><\/div>\n<div class=\"jso-cursor-trail-shape\" style=\"position: absolute; left: 0px; top: 0px; pointer-events: none; display: none;\"><\/div>\n<div class=\"jso-cursor-trail-shape\" style=\"position: absolute; left: 0px; top: 0px; pointer-events: none; display: none;\"><\/div>\n<div class=\"jso-cursor-trail-shape\" style=\"position: absolute; left: 0px; top: 0px; pointer-events: none; display: none;\"><\/div>\n<div class=\"jso-cursor-trail-shape\" style=\"position: absolute; left: 0px; top: 0px; pointer-events: none; display: none;\"><\/div>\n<div class=\"jso-cursor-trail-shape\" style=\"position: absolute; left: 0px; top: 0px; pointer-events: none; display: none;\"><\/div>\n<div class=\"jso-cursor-trail-shape\" style=\"position: absolute; left: 0px; top: 0px; pointer-events: none; display: none;\"><\/div>\n<div class=\"jso-cursor-trail-shape\" style=\"position: absolute; left: 0px; top: 0px; pointer-events: none; display: none;\"><\/div>\n<div class=\"jso-cursor-trail-shape\" style=\"position: absolute; left: 0px; top: 0px; pointer-events: none; display: none;\"><\/div>\n<div class=\"jso-cursor-trail-shape\" style=\"position: absolute; left: 0px; top: 0px; pointer-events: none; display: none;\"><\/div>\n<div class=\"jso-cursor-trail-shape\" style=\"position: absolute; left: 0px; top: 0px; pointer-events: none; display: none;\"><\/div>\n<div class=\"jso-cursor-trail-shape\" style=\"position: absolute; left: 0px; top: 0px; pointer-events: none; display: none;\"><\/div>\n<div class=\"jso-cursor-trail-shape\" style=\"position: absolute; left: 0px; top: 0px; pointer-events: none; display: none;\"><\/div>\n<div class=\"jso-cursor-trail-shape\" style=\"position: absolute; left: 0px; top: 0px; pointer-events: none; display: none;\"><\/div>\n<div class=\"jso-cursor-trail-shape\" style=\"position: absolute; left: 0px; top: 0px; pointer-events: none; display: none;\"><\/div>\n<div class=\"jso-cursor-trail-shape\" style=\"position: absolute; left: 0px; top: 0px; pointer-events: none; display: none;\"><\/div>\n<div class=\"jso-cursor-trail-shape\" style=\"position: absolute; left: 0px; top: 0px; pointer-events: none; display: none;\"><\/div>\n<div class=\"jso-cursor-trail-shape\" style=\"position: absolute; left: 0px; top: 0px; pointer-events: none; display: none;\"><\/div>\n<div class=\"jso-cursor-trail-shape\" style=\"position: absolute; left: 0px; top: 0px; pointer-events: none; display: none;\"><\/div>\n<div class=\"jso-cursor-trail-shape\" style=\"position: absolute; left: 0px; top: 0px; pointer-events: none; display: none;\"><\/div>\n<div class=\"jso-cursor-trail-shape\" style=\"position: absolute; left: 0px; top: 0px; pointer-events: none; display: none;\"><\/div>\n<\/div>","protected":false},"featured_media":2654,"comment_status":"closed","ping_status":"closed","template":"","meta":[],"product_brand":[226],"product_cat":[220,217,211,218,222,225,219,15],"product_tag":[230,227,231,229,228],"class_list":{"0":"post-2653","1":"product","2":"type-product","3":"status-publish","4":"has-post-thumbnail","6":"product_brand-premium-gold-tea","7":"product_cat-bestseller","8":"product_cat-formbella","9":"product_cat-konjak","10":"product_cat-meri-detox","11":"product_cat-oezlex-tea","12":"product_cat-premium-tea-gold","13":"product_cat-trex","14":"product_cat-uncategorized","15":"product_tag-premium-capsule-tea","16":"product_tag-premium-gold","17":"product_tag-premium-gold-capsel","18":"product_tag-premium-gold-tea","19":"product_tag-premium-tea","21":"first","22":"instock","23":"sale","24":"featured","25":"shipping-taxable","26":"purchasable","27":"product-type-simple"},"aioseo_notices":[],"jetpack_sharing_enabled":true,"_links":{"self":[{"href":"https:\/\/premiumteagold.com\/tr\/wp-json\/wp\/v2\/product\/2653","targetHints":{"allow":["GET"]}}],"collection":[{"href":"https:\/\/premiumteagold.com\/tr\/wp-json\/wp\/v2\/product"}],"about":[{"href":"https:\/\/premiumteagold.com\/tr\/wp-json\/wp\/v2\/types\/product"}],"replies":[{"embeddable":true,"href":"https:\/\/premiumteagold.com\/tr\/wp-json\/wp\/v2\/comments?post=2653"}],"wp:featuredmedia":[{"embeddable":true,"href":"https:\/\/premiumteagold.com\/tr\/wp-json\/wp\/v2\/media\/2654"}],"wp:attachment":[{"href":"https:\/\/premiumteagold.com\/tr\/wp-json\/wp\/v2\/media?parent=2653"}],"wp:term":[{"taxonomy":"product_brand","embeddable":true,"href":"https:\/\/premiumteagold.com\/tr\/wp-json\/wp\/v2\/product_brand?post=2653"},{"taxonomy":"product_cat","embeddable":true,"href":"https:\/\/premiumteagold.com\/tr\/wp-json\/wp\/v2\/product_cat?post=2653"},{"taxonomy":"product_tag","embeddable":true,"href":"https:\/\/premiumteagold.com\/tr\/wp-json\/wp\/v2\/product_tag?post=2653"}],"curies":[{"name":"wp","href":"https:\/\/api.w.org\/{rel}","templated":true}]}}